{"id":232018,"date":"2022-02-01T16:39:59","date_gmt":"2022-02-01T16:39:59","guid":{"rendered":"https:\/\/msiprojekti.com\/?page_id=232018"},"modified":"2022-03-20T08:56:05","modified_gmt":"2022-03-20T08:56:05","slug":"privacy-policy","status":"publish","type":"page","link":"https:\/\/msiprojekti.com\/en\/privacy-policy\/","title":{"rendered":"Privacy Policy"},"content":{"rendered":"<p>[et_pb_section fb_built=&#8221;1&#8243; _builder_version=&#8221;4.15&#8243; _module_preset=&#8221;default&#8221; background_color=&#8221;#000000&#8243; background_enable_image=&#8221;off&#8221; custom_margin=&#8221;-34px||||false|false&#8221; global_colors_info=&#8221;{}&#8221;][et_pb_row column_structure=&#8221;1_2,1_2&#8243; _builder_version=&#8221;4.15&#8243; _module_preset=&#8221;default&#8221; global_colors_info=&#8221;{}&#8221;][et_pb_column type=&#8221;1_2&#8243; _builder_version=&#8221;4.15&#8243; _module_preset=&#8221;default&#8221; custom_padding=&#8221;55px||||false|false&#8221; global_colors_info=&#8221;{}&#8221;][et_pb_divider color=&#8221;#FFFFFF&#8221; divider_weight=&#8221;4px&#8221; _builder_version=&#8221;4.15&#8243; _module_preset=&#8221;default&#8221; animation_style=&#8221;slide&#8221; animation_direction=&#8221;left&#8221; global_colors_info=&#8221;{}&#8221;][\/et_pb_divider][et_pb_text _builder_version=&#8221;4.15.0&#8243; _module_preset=&#8221;default&#8221; header_font=&#8221;CALIBRI|700|||||||&#8221; header_text_align=&#8221;center&#8221; header_text_color=&#8221;#FFFFFF&#8221; header_font_size=&#8221;34px&#8221; header_2_font=&#8221;CALIBRI||||||||&#8221; header_2_text_align=&#8221;center&#8221; header_2_text_color=&#8221;#FFFFFF&#8221; header_3_font=&#8221;CALIBRI||||||||&#8221; header_3_text_align=&#8221;center&#8221; header_3_text_color=&#8221;#FFFFFF&#8221; hover_enabled=&#8221;0&#8243; global_colors_info=&#8221;{}&#8221; sticky_enabled=&#8221;0&#8243;]<\/p>\n<h1>PRIVACY POLICY\u00a0<\/h1>\n<h2><\/h2>\n<p>[\/et_pb_text][et_pb_divider color=&#8221;#FFFFFF&#8221; divider_weight=&#8221;4px&#8221; _builder_version=&#8221;4.15&#8243; _module_preset=&#8221;default&#8221; animation_style=&#8221;slide&#8221; animation_direction=&#8221;left&#8221; global_colors_info=&#8221;{}&#8221;][\/et_pb_divider][\/et_pb_column][et_pb_column type=&#8221;1_2&#8243; _builder_version=&#8221;4.15&#8243; _module_preset=&#8221;default&#8221; global_colors_info=&#8221;{}&#8221;][et_pb_image src=&#8221;https:\/\/msiprojekti.com\/wp-content\/uploads\/2022\/02\/msi-projekti-naslovna-slika.jpg&#8221; title_text=&#8221;msi projekti &#8211; naslovna slika&#8221; _builder_version=&#8221;4.15&#8243; _module_preset=&#8221;default&#8221; custom_margin=&#8221;0px|||-10px|false|false&#8221; custom_padding=&#8221;0px||||false|false&#8221; global_colors_info=&#8221;{}&#8221;][\/et_pb_image][\/et_pb_column][\/et_pb_row][et_pb_row _builder_version=&#8221;4.15&#8243; _module_preset=&#8221;default&#8221; global_colors_info=&#8221;{}&#8221;][et_pb_column type=&#8221;4_4&#8243; _builder_version=&#8221;4.15&#8243; _module_preset=&#8221;default&#8221; global_colors_info=&#8221;{}&#8221;][et_pb_text _builder_version=&#8221;4.15.0&#8243; _module_preset=&#8221;default&#8221; header_font=&#8221;BOOKMAN OLD STYLE|700|||||||&#8221; header_text_color=&#8221;#FFFFFF&#8221; header_3_font=&#8221;CALIBRI|600|||||||&#8221; header_3_text_color=&#8221;#FFFFFF&#8221; hover_enabled=&#8221;0&#8243; global_colors_info=&#8221;{}&#8221; sticky_enabled=&#8221;0&#8243;]<\/p>\n<h3 style=\"text-align: center;\">WE ARE COMMITTED TO THE FOLLOWING VALUES<\/h3>\n<p>[\/et_pb_text][\/et_pb_column][\/et_pb_row][et_pb_row column_structure=&#8221;1_4,1_4,1_4,1_4&#8243; _builder_version=&#8221;4.15&#8243; _module_preset=&#8221;default&#8221; global_colors_info=&#8221;{}&#8221;][et_pb_column type=&#8221;1_4&#8243; _builder_version=&#8221;4.15&#8243; _module_preset=&#8221;default&#8221; global_colors_info=&#8221;{}&#8221;][et_pb_image src=&#8221;https:\/\/msiprojekti.com\/wp-content\/uploads\/2022\/02\/ZANESLJIVOST-2.png&#8221; title_text=&#8221;ZANESLJIVOST (2)&#8221; align=&#8221;center&#8221; _builder_version=&#8221;4.15&#8243; _module_preset=&#8221;default&#8221; global_colors_info=&#8221;{}&#8221;][\/et_pb_image][et_pb_text _builder_version=&#8221;4.15.0&#8243; _module_preset=&#8221;default&#8221; header_4_font=&#8221;CALIBRI||||||||&#8221; header_4_text_align=&#8221;center&#8221; header_4_text_color=&#8221;#FFFFFF&#8221; header_4_font_size=&#8221;26px&#8221; hover_enabled=&#8221;0&#8243; global_colors_info=&#8221;{}&#8221; sticky_enabled=&#8221;0&#8243;]<\/p>\n<h4>Reliability<\/h4>\n<p>[\/et_pb_text][\/et_pb_column][et_pb_column type=&#8221;1_4&#8243; _builder_version=&#8221;4.15&#8243; _module_preset=&#8221;default&#8221; global_colors_info=&#8221;{}&#8221;][et_pb_image src=&#8221;https:\/\/msiprojekti.com\/wp-content\/uploads\/2022\/02\/varnost-2.png&#8221; title_text=&#8221;varnost (2)&#8221; align=&#8221;center&#8221; _builder_version=&#8221;4.15&#8243; _module_preset=&#8221;default&#8221; global_colors_info=&#8221;{}&#8221;][\/et_pb_image][et_pb_text _builder_version=&#8221;4.15.0&#8243; _module_preset=&#8221;default&#8221; header_4_font=&#8221;CALIBRI||||||||&#8221; header_4_text_align=&#8221;center&#8221; header_4_text_color=&#8221;#FFFFFF&#8221; header_4_font_size=&#8221;26px&#8221; hover_enabled=&#8221;0&#8243; global_colors_info=&#8221;{}&#8221; sticky_enabled=&#8221;0&#8243;]<\/p>\n<h4>Security<\/h4>\n<p>[\/et_pb_text][\/et_pb_column][et_pb_column type=&#8221;1_4&#8243; _builder_version=&#8221;4.15&#8243; _module_preset=&#8221;default&#8221; global_colors_info=&#8221;{}&#8221;][et_pb_image src=&#8221;https:\/\/msiprojekti.com\/wp-content\/uploads\/2022\/02\/partnerstvo-2.png&#8221; title_text=&#8221;partnerstvo (2)&#8221; align=&#8221;center&#8221; _builder_version=&#8221;4.15&#8243; _module_preset=&#8221;default&#8221; width=&#8221;100%&#8221; global_colors_info=&#8221;{}&#8221;][\/et_pb_image][et_pb_text _builder_version=&#8221;4.15.0&#8243; _module_preset=&#8221;default&#8221; header_4_font=&#8221;CALIBRI||||||||&#8221; header_4_text_align=&#8221;center&#8221; header_4_text_color=&#8221;#FFFFFF&#8221; header_4_font_size=&#8221;26px&#8221; hover_enabled=&#8221;0&#8243; global_colors_info=&#8221;{}&#8221; sticky_enabled=&#8221;0&#8243;]<\/p>\n<h4>Partnership<\/h4>\n<p>[\/et_pb_text][\/et_pb_column][et_pb_column type=&#8221;1_4&#8243; _builder_version=&#8221;4.15&#8243; _module_preset=&#8221;default&#8221; global_colors_info=&#8221;{}&#8221;][et_pb_image src=&#8221;https:\/\/msiprojekti.com\/wp-content\/uploads\/2022\/02\/zaupanje.png&#8221; title_text=&#8221;zaupanje&#8221; align=&#8221;center&#8221; _builder_version=&#8221;4.15&#8243; _module_preset=&#8221;default&#8221; global_colors_info=&#8221;{}&#8221;][\/et_pb_image][et_pb_text _builder_version=&#8221;4.15.0&#8243; _module_preset=&#8221;default&#8221; header_4_font=&#8221;CALIBRI||||||||&#8221; header_4_text_align=&#8221;center&#8221; header_4_text_color=&#8221;#FFFFFF&#8221; header_4_font_size=&#8221;26px&#8221; hover_enabled=&#8221;0&#8243; global_colors_info=&#8221;{}&#8221; sticky_enabled=&#8221;0&#8243;]<\/p>\n<h4>Trust<\/h4>\n<p>[\/et_pb_text][\/et_pb_column][\/et_pb_row][\/et_pb_section][et_pb_section fb_built=&#8221;1&#8243; _builder_version=&#8221;4.15&#8243; _module_preset=&#8221;default&#8221; background_color=&#8221;#FFFFFF&#8221; background_enable_image=&#8221;off&#8221; parallax=&#8221;on&#8221; parallax_method=&#8221;off&#8221; global_colors_info=&#8221;{}&#8221;][et_pb_row _builder_version=&#8221;4.15&#8243; _module_preset=&#8221;default&#8221; global_colors_info=&#8221;{}&#8221;][et_pb_column type=&#8221;4_4&#8243; _builder_version=&#8221;4.15&#8243; _module_preset=&#8221;default&#8221; global_colors_info=&#8221;{}&#8221;][et_pb_text _builder_version=&#8221;4.15.0&#8243; _module_preset=&#8221;default&#8221; text_font=&#8221;CALIBRI|500|||||||&#8221; text_text_color=&#8221;#000000&#8243; text_font_size=&#8221;24px&#8221; text_orientation=&#8221;center&#8221; animation_style=&#8221;slide&#8221; hover_enabled=&#8221;0&#8243; global_colors_info=&#8221;{}&#8221; sticky_enabled=&#8221;0&#8243;]<\/p>\n<p>In ensuring the highest quality of our services, we also process your information. We treat your personal information with the utmost care and respect the applicable laws and the highest standards of their processing. The essence of our activities regarding the management of your personal information is to enable you and to inform you what happens to your personal information in our management.<\/p>\n<p>The basis for the processing of your personal data can be divided into the following groups:<\/p>\n<p>&#8211; processing is necessary for the implementation of the contract,<\/p>\n<p>&#8211; processing to fulfill the legal obligations for online store providers,<\/p>\n<p>&#8211; Processing that you voluntarily agree to in our collaboration<\/p>\n<p>Customer data is processed in connection with the purchase of services via an online shop. The personal information collected about customers will be processed by us to fulfill the obligations to which we have committed ourselves.<\/p>\n<p>&nbsp;<\/p>\n<p>In accordance with the law, we will provide you with the following information for the execution of the contract: your personal first and last name, address, e-mail, contact number. In the case of a business entity such information is a company, its organizational form, address and tax code.<\/p>\n<p>On the basis of the contract, we process the data to enforce your rights and obligations (contract, performance of the contract, delivery of goods and other contractual obligations), clearing and settlement of purchased goods. We use the same basis for supporting subscribers.<\/p>\n<p>For the purpose of contract implementation, we process: information about subscribed services and purchased goods, your contact details, telephone numbers and e-mail addresses, data for transferring an account and for the payment of an account, information about authorized persons who care for you Contracts, including payments, submission of requests for a change of contract, billing and payment information.<\/p>\n<p>When visiting websites, we process personally identifiable information from visitors we use for advanced online advertising and web analytics. You avoid the processing of personal data with appropriate cookie and plug-in settings when visiting a website or the corresponding settings for the use of cookies in the web browser you use.<\/p>\n<p>If you wish, you can sign up for an online store notification when you sign up. If you agree, you will receive newsletters and notifications through the online store offer. You can revoke the consent at any time. You have the right to revoke your consent to processing, as you consent to the processing of personal data or by sending a request to the address of the online store.<\/p>\n<p>The data retention period depends on the category of individual data. We retain the data for as long as necessary to achieve the purpose for which we collected or processed data, or until expiration of the statute of limitations for the performance of the obligation or the statutory retention period. After expiry of the retention period, the data will be deleted, destroyed, blocked or anonymised, unless the law provides otherwise for the respective type of data.<\/p>\n<p>&nbsp;<\/p>\n<p>People may ask us to access, correct, delete or restrict the processing of your personal information. You have the right to object to the processing and transferability of your personal information.<\/p>\n<p>Send your request to info@msiprojekti.com<\/p>\n<p>[\/et_pb_text][\/et_pb_column][\/et_pb_row][\/et_pb_section]<\/p>\n<span class=\"et_bloom_bottom_trigger\"><\/span>","protected":false},"excerpt":{"rendered":"<p>PRIVACY POLICY\u00a0 WE ARE COMMITTED TO THE FOLLOWING VALUESReliabilitySecurityPartnershipTrustIn ensuring the highest quality of our services, we also process your information. We treat your personal information with the utmost care and respect the applicable laws and the highest standards of their processing. The essence of our activities regarding the management of your personal information is [&hellip;]<\/p>\n","protected":false},"author":1,"featured_media":0,"parent":0,"menu_order":0,"comment_status":"closed","ping_status":"closed","template":"","meta":{"_et_pb_use_builder":"on","_et_pb_old_content":"<p>[et_pb_section fb_built=\"1\" _builder_version=\"4.14.7\" _module_preset=\"default\" background_color=\"#000000\" background_enable_image=\"off\" custom_margin=\"-34px||||false|false\" global_colors_info=\"{}\" theme_builder_area=\"post_content\"][et_pb_row column_structure=\"1_2,1_2\" _builder_version=\"4.14.7\" _module_preset=\"default\" hover_enabled=\"0\" global_colors_info=\"{}\" theme_builder_area=\"post_content\" sticky_enabled=\"0\"][et_pb_column type=\"1_2\" _builder_version=\"4.14.7\" _module_preset=\"default\" custom_padding=\"55px||||false|false\" hover_enabled=\"0\" global_colors_info=\"{}\" theme_builder_area=\"post_content\" sticky_enabled=\"0\"][et_pb_divider color=\"#FFFFFF\" divider_weight=\"4px\" _builder_version=\"4.14.7\" _module_preset=\"default\" animation_style=\"slide\" animation_direction=\"left\" global_colors_info=\"{}\" theme_builder_area=\"post_content\"][\/et_pb_divider][et_pb_text _builder_version=\"4.14.7\" _module_preset=\"default\" header_font=\"CALIBRI|700|||||||\" header_text_align=\"center\" header_text_color=\"#FFFFFF\" header_font_size=\"34px\" header_2_font=\"CALIBRI||||||||\" header_2_text_align=\"center\" header_2_text_color=\"#FFFFFF\" header_3_font=\"CALIBRI||||||||\" header_3_text_align=\"center\" header_3_text_color=\"#FFFFFF\" hover_enabled=\"0\" global_colors_info=\"{}\" theme_builder_area=\"post_content\" sticky_enabled=\"0\"]<\/p><h1>OBDELAVA OSEBNIH PODATKOV<\/h1><h2>\u00a0<\/h2><p>[\/et_pb_text][et_pb_divider color=\"#FFFFFF\" divider_weight=\"4px\" _builder_version=\"4.14.7\" _module_preset=\"default\" animation_style=\"slide\" animation_direction=\"left\" global_colors_info=\"{}\" theme_builder_area=\"post_content\"][\/et_pb_divider][\/et_pb_column][et_pb_column type=\"1_2\" _builder_version=\"4.14.7\" _module_preset=\"default\" global_colors_info=\"{}\" theme_builder_area=\"post_content\"][et_pb_image src=\"https:\/\/msiprojekti.com\/wp-content\/uploads\/2022\/02\/msi-projekti-naslovna-slika.jpg\" title_text=\"msi projekti - naslovna slika\" _builder_version=\"4.14.7\" _module_preset=\"default\" custom_margin=\"0px|||-10px|false|false\" custom_padding=\"0px||||false|false\" global_colors_info=\"{}\" theme_builder_area=\"post_content\"][\/et_pb_image][\/et_pb_column][\/et_pb_row][et_pb_row _builder_version=\"4.14.7\" _module_preset=\"default\" global_colors_info=\"{}\" theme_builder_area=\"post_content\"][et_pb_column type=\"4_4\" _builder_version=\"4.14.7\" _module_preset=\"default\" global_colors_info=\"{}\" theme_builder_area=\"post_content\"][et_pb_text _builder_version=\"4.14.7\" _module_preset=\"default\" header_font=\"BOOKMAN OLD STYLE|700|||||||\" header_text_color=\"#FFFFFF\" header_3_font=\"CALIBRI|600|||||||\" header_3_text_color=\"#FFFFFF\" global_colors_info=\"{}\" theme_builder_area=\"post_content\"]<\/p><h3 style=\"text-align: center;\">ZAVEZANI SMO VREDNOTAM<\/h3><p>[\/et_pb_text][\/et_pb_column][\/et_pb_row][et_pb_row column_structure=\"1_4,1_4,1_4,1_4\" _builder_version=\"4.14.7\" _module_preset=\"default\" global_colors_info=\"{}\" theme_builder_area=\"post_content\"][et_pb_column type=\"1_4\" _builder_version=\"4.14.7\" _module_preset=\"default\" global_colors_info=\"{}\" theme_builder_area=\"post_content\"][et_pb_image src=\"https:\/\/msiprojekti.com\/wp-content\/uploads\/2022\/02\/ZANESLJIVOST-2.png\" title_text=\"ZANESLJIVOST (2)\" align=\"center\" _builder_version=\"4.14.7\" _module_preset=\"default\" global_colors_info=\"{}\" theme_builder_area=\"post_content\"][\/et_pb_image][et_pb_text _builder_version=\"4.14.7\" _module_preset=\"default\" header_4_font=\"CALIBRI||||||||\" header_4_text_align=\"center\" header_4_text_color=\"#FFFFFF\" header_4_font_size=\"26px\" global_colors_info=\"{}\" theme_builder_area=\"post_content\"]<\/p><h4>Zanesljivost<\/h4><p>[\/et_pb_text][\/et_pb_column][et_pb_column type=\"1_4\" _builder_version=\"4.14.7\" _module_preset=\"default\" global_colors_info=\"{}\" theme_builder_area=\"post_content\"][et_pb_image src=\"https:\/\/msiprojekti.com\/wp-content\/uploads\/2022\/02\/varnost-2.png\" title_text=\"varnost (2)\" align=\"center\" _builder_version=\"4.14.7\" _module_preset=\"default\" global_colors_info=\"{}\" theme_builder_area=\"post_content\"][\/et_pb_image][et_pb_text _builder_version=\"4.14.7\" _module_preset=\"default\" header_4_font=\"CALIBRI||||||||\" header_4_text_align=\"center\" header_4_text_color=\"#FFFFFF\" header_4_font_size=\"26px\" global_colors_info=\"{}\" theme_builder_area=\"post_content\"]<\/p><h4>Varnost<\/h4><p>[\/et_pb_text][\/et_pb_column][et_pb_column type=\"1_4\" _builder_version=\"4.14.7\" _module_preset=\"default\" global_colors_info=\"{}\" theme_builder_area=\"post_content\"][et_pb_image src=\"https:\/\/msiprojekti.com\/wp-content\/uploads\/2022\/02\/partnerstvo-2.png\" title_text=\"partnerstvo (2)\" align=\"center\" _builder_version=\"4.14.7\" _module_preset=\"default\" width=\"100%\" global_colors_info=\"{}\" theme_builder_area=\"post_content\"][\/et_pb_image][et_pb_text _builder_version=\"4.14.7\" _module_preset=\"default\" header_4_font=\"CALIBRI||||||||\" header_4_text_align=\"center\" header_4_text_color=\"#FFFFFF\" header_4_font_size=\"26px\" global_colors_info=\"{}\" theme_builder_area=\"post_content\"]<\/p><h4>Partnerstvo<\/h4><p>[\/et_pb_text][\/et_pb_column][et_pb_column type=\"1_4\" _builder_version=\"4.14.7\" _module_preset=\"default\" global_colors_info=\"{}\" theme_builder_area=\"post_content\"][et_pb_image src=\"https:\/\/msiprojekti.com\/wp-content\/uploads\/2022\/02\/zaupanje.png\" title_text=\"zaupanje\" align=\"center\" _builder_version=\"4.14.7\" _module_preset=\"default\" global_colors_info=\"{}\" theme_builder_area=\"post_content\"][\/et_pb_image][et_pb_text _builder_version=\"4.14.7\" _module_preset=\"default\" header_4_font=\"CALIBRI||||||||\" header_4_text_align=\"center\" header_4_text_color=\"#FFFFFF\" header_4_font_size=\"26px\" global_colors_info=\"{}\" theme_builder_area=\"post_content\"]<\/p><h4>Zaupanje<\/h4><p>[\/et_pb_text][\/et_pb_column][\/et_pb_row][\/et_pb_section][et_pb_section fb_built=\"1\" _builder_version=\"4.14.7\" _module_preset=\"default\" background_color=\"#FFFFFF\" background_enable_image=\"off\" parallax=\"on\" parallax_method=\"off\" hover_enabled=\"0\" global_colors_info=\"{}\" sticky_enabled=\"0\"][et_pb_row _builder_version=\"4.14.7\" _module_preset=\"default\" hover_enabled=\"0\" global_colors_info=\"{}\" sticky_enabled=\"0\"][et_pb_column type=\"4_4\" _builder_version=\"4.14.7\" _module_preset=\"default\" global_colors_info=\"{}\"][et_pb_text _builder_version=\"4.14.7\" _module_preset=\"default\" text_font=\"CALIBRI|500|||||||\" text_text_color=\"#000000\" text_font_size=\"24px\" text_orientation=\"center\" animation_style=\"slide\" hover_enabled=\"0\" global_colors_info=\"{}\" sticky_enabled=\"0\"]<\/p><p>V procesu zagotavljanja najvi\u0161je kakovosti na\u0161ih storitev namenjenih vam, ki z nami sodelujete, obdelujemo tudi va\u0161e podatke. Z va\u0161imi osebnimi podatki upravljamo z najve\u010djo skrbnostjo, upo\u0161tevajo\u010d veljavno zakonodajo in najvi\u0161je standarde njihove obravnave. Bistvo na\u0161ih aktivnosti v zvezi z upravljanjem va\u0161ih osebnih podatkov je, da vam omogo\u010dimo nadzor in informiranost, kaj se dogaja z va\u0161imi osebnimi podatki v na\u0161em upravljanju.<\/p><p>Podlage za obdelavo va\u0161ih osebnih podatkov lahko razvrstimo v naslednje skupine:<\/p><p>-obdelava je potrebna za izvajanje pogodbe,<\/p><p>-obdelava za izpolnjevanje zakonskih obveznosti, ki veljajo za ponudnike spletne trgovine,<\/p><p>-obdelava v katero v okviru na\u0161ega sodelovanja prostovoljno privolite;<\/p><p>V zvezi z nakupom storitev preko spletne trgovine se obdelujejo podatki o kupcu. Zbrane osebne podatke o kupcih obdelujemo za opravljanje obveznosti, h katerim smo se zavezali s sklenitvijo pogodbe z vami. V skladu z zakonom z va\u0161e strani prejmemo naslednje podatke za izvajanje pogodbe: va\u0161e osebno ime in priimek, naslov, email, kontaktno \u0161tevilko . V primeru poslovnega naro\u010dnika so ti podatki firma, njegova organizacijska oblika, naslov ter dav\u010dna \u0161tevilka . S podlago izvajanja pogodbe podatke obdelujemo za namene izvr\u0161evanja va\u0161ih in na\u0161ih pravic in obveznosti (sklepanje pogodbe, izvajanje pogodbe, dobava blaga in drugih pogodbenih obveznosti), obra\u010dun in zara\u010dunavanje kupljenega blaga. Enako podlago uporabljamo za namen izvajanje podpore naro\u010dnikom. Za potrebe izvajanja pogodbe obdelujemo: podatke o naro\u010denih storitvah in kupljenem blagu, va\u0161e kontaktne podatke, ki so telefonske \u0161tevilke in naslovi e-po\u0161te, podatke za po\u0161iljanje ra\u010duna in za izvedbo pla\u010dila ra\u010duna, podatke o morebitnih poobla\u0161\u010denih osebah, ki namesto vas skrbijo za izvajanje pogodbe, vklju\u010dno s pla\u010dili, podajanjem zahtev za spremembo pogodbe, podatke o izdaji ra\u010dunov in njihovem pla\u010dilu.<\/p><p>Ob obisku spletnih strani se obdelujejo osebni podatki obiskovalcev, ki jih uporabljamo za napredno spletno ogla\u0161evanje in spletno analitiko. Obdelavi osebnih podatkov se izognete z ustreznimi nastavitvami pi\u0161kotkov in vti\u010dnikov ob obisku spletne strani ali ustreznimi nastavitvami za uporabo pi\u0161kotkov na spletnem brskalniku, ki ga uporabljate. Ve\u010d o pi\u0161kotkih si preberite\u00a0<a href=\"https:\/\/msiprojekti.com\/piskotki\/\" target=\"_blank\" rel=\"noopener\">tukaj<\/a><\/p><p>V kolikor \u017eelite, se lahko ob prijavi prijavite na obve\u0161\u010danje o ponudbi spletne trgovine. V kolikor boste podali soglasje, boste prejemali novi\u010dke in obvestila o ponudbi spletne trgovine. Privolitev lahko kadarkoli prekli\u010dete. Pravico preklica privolitve obdelave uveljavljate na enak na\u010din kot ste podali privolitev obdelavi osebnih podatkov ali pa s pisno zahtevo, ki jo posredujete na naslov sede\u017ea spletne trgovine.<\/p><p>Obdobje hrambe podatkov je dolo\u010deno glede na kategorijo posameznih podatkov. Podatke hranimo najve\u010d toliko \u010dasa, kolikor je potrebno za dosego namena, zaradi katerega smo jih zbrali ali nadalje obdelali oziroma do poteka zastaralnih rokov za izpolnitev obveznosti ali zakonsko predpisanega roka hrambe. Po poteku obdobja hrambe se podatki zbri\u0161ejo, uni\u010dijo, blokirajo ali anonimizirajo, \u010de zakon za posamezno vrsto podatkov ne dolo\u010da druga\u010de.<\/p><p>Posamezniki lahko od nas zahtevate dostop do osebnih podatkov, popravek, izbris ali omejitev obdelave va\u0161ih osebnih podatkov, imate pravici do ugovora obdelavi in prenosljivosti va\u0161ih osebnih podatkov.<\/p><p>Zahtevek oddajte na elektronski naslov\u00a0<a href=\"mailto:info@msiprojekti.com\" target=\"_blank\" rel=\"noopener\">info@msiprojekti.com<\/a><\/p><p>[\/et_pb_text][\/et_pb_column][\/et_pb_row][\/et_pb_section]<\/p>","_et_gb_content_width":"","footnotes":""},"_links":{"self":[{"href":"https:\/\/msiprojekti.com\/en\/wp-json\/wp\/v2\/pages\/232018"}],"collection":[{"href":"https:\/\/msiprojekti.com\/en\/wp-json\/wp\/v2\/pages"}],"about":[{"href":"https:\/\/msiprojekti.com\/en\/wp-json\/wp\/v2\/types\/page"}],"author":[{"embeddable":true,"href":"https:\/\/msiprojekti.com\/en\/wp-json\/wp\/v2\/users\/1"}],"replies":[{"embeddable":true,"href":"https:\/\/msiprojekti.com\/en\/wp-json\/wp\/v2\/comments?post=232018"}],"version-history":[{"count":12,"href":"https:\/\/msiprojekti.com\/en\/wp-json\/wp\/v2\/pages\/232018\/revisions"}],"predecessor-version":[{"id":232031,"href":"https:\/\/msiprojekti.com\/en\/wp-json\/wp\/v2\/pages\/232018\/revisions\/232031"}],"wp:attachment":[{"href":"https:\/\/msiprojekti.com\/en\/wp-json\/wp\/v2\/media?parent=232018"}],"curies":[{"name":"wp","href":"https:\/\/api.w.org\/{rel}","templated":true}]}}