{"id":231788,"date":"2022-02-14T17:23:20","date_gmt":"2022-02-14T17:23:20","guid":{"rendered":"https:\/\/msiprojekti.com\/?page_id=231788"},"modified":"2022-03-18T14:41:48","modified_gmt":"2022-03-18T14:41:48","slug":"cookies","status":"publish","type":"page","link":"https:\/\/msiprojekti.com\/de\/cookies\/","title":{"rendered":"Cookies"},"content":{"rendered":"<p>[et_pb_section fb_built=&#8220;1&#8243; _builder_version=&#8220;4.14.7&#8243; _module_preset=&#8220;default&#8220; background_color=&#8220;#000000&#8243; background_enable_image=&#8220;off&#8220; custom_margin=&#8220;-34px||||false|false&#8220; global_colors_info=&#8220;{}&#8220;][et_pb_row column_structure=&#8220;1_2,1_2&#8243; _builder_version=&#8220;4.14.7&#8243; _module_preset=&#8220;default&#8220; global_colors_info=&#8220;{}&#8220;][et_pb_column type=&#8220;1_2&#8243; _builder_version=&#8220;4.14.7&#8243; _module_preset=&#8220;default&#8220; custom_padding=&#8220;52px||||false|false&#8220; global_colors_info=&#8220;{}&#8220;][et_pb_divider color=&#8220;#FFFFFF&#8220; divider_weight=&#8220;4px&#8220; _builder_version=&#8220;4.14.7&#8243; _module_preset=&#8220;default&#8220; animation_style=&#8220;slide&#8220; animation_direction=&#8220;left&#8220; global_colors_info=&#8220;{}&#8220;][\/et_pb_divider][et_pb_text _builder_version=&#8220;4.14.9&#8243; _module_preset=&#8220;default&#8220; header_font=&#8220;CALIBRI|700|||||||&#8220; header_text_align=&#8220;center&#8220; header_text_color=&#8220;#FFFFFF&#8220; header_font_size=&#8220;34px&#8220; header_2_font=&#8220;CALIBRI||||||||&#8220; header_2_text_align=&#8220;center&#8220; header_2_text_color=&#8220;#FFFFFF&#8220; header_3_font=&#8220;CALIBRI||||||||&#8220; header_3_text_align=&#8220;center&#8220; header_3_text_color=&#8220;#FFFFFF&#8220; hover_enabled=&#8220;0&#8243; global_colors_info=&#8220;{}&#8220; sticky_enabled=&#8220;0&#8243;]<\/p>\n<h1>COOKIES<\/h1>\n<h3><\/h3>\n<p>[\/et_pb_text][et_pb_divider color=&#8220;#FFFFFF&#8220; divider_weight=&#8220;4px&#8220; _builder_version=&#8220;4.14.7&#8243; _module_preset=&#8220;default&#8220; animation_style=&#8220;slide&#8220; animation_direction=&#8220;left&#8220; global_colors_info=&#8220;{}&#8220;][\/et_pb_divider][\/et_pb_column][et_pb_column type=&#8220;1_2&#8243; _builder_version=&#8220;4.14.7&#8243; _module_preset=&#8220;default&#8220; global_colors_info=&#8220;{}&#8220;][et_pb_image src=&#8220;https:\/\/msiprojekti.com\/wp-content\/uploads\/2022\/02\/msi-projekti-naslovna-slika.jpg&#8220; title_text=&#8220;msi projekti &#8211; naslovna slika&#8220; _builder_version=&#8220;4.14.7&#8243; _module_preset=&#8220;default&#8220; custom_margin=&#8220;0px|||-10px|false|false&#8220; custom_padding=&#8220;0px||||false|false&#8220; global_colors_info=&#8220;{}&#8220;][\/et_pb_image][\/et_pb_column][\/et_pb_row][et_pb_row _builder_version=&#8220;4.14.7&#8243; _module_preset=&#8220;default&#8220; global_colors_info=&#8220;{}&#8220;][et_pb_column type=&#8220;4_4&#8243; _builder_version=&#8220;4.14.7&#8243; _module_preset=&#8220;default&#8220; global_colors_info=&#8220;{}&#8220;][et_pb_text _builder_version=&#8220;4.14.9&#8243; _module_preset=&#8220;default&#8220; header_font=&#8220;BOOKMAN OLD STYLE|700|||||||&#8220; header_text_color=&#8220;#FFFFFF&#8220; header_3_font=&#8220;CALIBRI|600|||||||&#8220; header_3_text_color=&#8220;#FFFFFF&#8220; hover_enabled=&#8220;0&#8243; global_colors_info=&#8220;{}&#8220; sticky_enabled=&#8220;0&#8243;]<\/p>\n<h3 style=\"text-align: center;\">WIR SIND FOLGENDEN WERTEN VERPFLICHTET<\/h3>\n<p>[\/et_pb_text][\/et_pb_column][\/et_pb_row][et_pb_row column_structure=&#8220;1_4,1_4,1_4,1_4&#8243; _builder_version=&#8220;4.14.7&#8243; _module_preset=&#8220;default&#8220; global_colors_info=&#8220;{}&#8220;][et_pb_column type=&#8220;1_4&#8243; _builder_version=&#8220;4.14.7&#8243; _module_preset=&#8220;default&#8220; global_colors_info=&#8220;{}&#8220;][et_pb_image src=&#8220;https:\/\/msiprojekti.com\/wp-content\/uploads\/2022\/02\/ZANESLJIVOST-2.png&#8220; title_text=&#8220;ZANESLJIVOST (2)&#8220; align=&#8220;center&#8220; _builder_version=&#8220;4.14.7&#8243; _module_preset=&#8220;default&#8220; global_colors_info=&#8220;{}&#8220;][\/et_pb_image][et_pb_text _builder_version=&#8220;4.14.9&#8243; _module_preset=&#8220;default&#8220; header_4_font=&#8220;CALIBRI||||||||&#8220; header_4_text_align=&#8220;center&#8220; header_4_text_color=&#8220;#FFFFFF&#8220; header_4_font_size=&#8220;26px&#8220; hover_enabled=&#8220;0&#8243; global_colors_info=&#8220;{}&#8220; sticky_enabled=&#8220;0&#8243;]<\/p>\n<h4>Zuverl\u00e4ssigkeit<\/h4>\n<p>[\/et_pb_text][\/et_pb_column][et_pb_column type=&#8220;1_4&#8243; _builder_version=&#8220;4.14.7&#8243; _module_preset=&#8220;default&#8220; global_colors_info=&#8220;{}&#8220;][et_pb_image src=&#8220;https:\/\/msiprojekti.com\/wp-content\/uploads\/2022\/02\/varnost-2.png&#8220; title_text=&#8220;varnost (2)&#8220; align=&#8220;center&#8220; _builder_version=&#8220;4.14.7&#8243; _module_preset=&#8220;default&#8220; global_colors_info=&#8220;{}&#8220;][\/et_pb_image][et_pb_text _builder_version=&#8220;4.14.9&#8243; _module_preset=&#8220;default&#8220; header_4_font=&#8220;CALIBRI||||||||&#8220; header_4_text_align=&#8220;center&#8220; header_4_text_color=&#8220;#FFFFFF&#8220; header_4_font_size=&#8220;26px&#8220; hover_enabled=&#8220;0&#8243; global_colors_info=&#8220;{}&#8220; sticky_enabled=&#8220;0&#8243;]<\/p>\n<h4>Sicherheit<\/h4>\n<p>[\/et_pb_text][\/et_pb_column][et_pb_column type=&#8220;1_4&#8243; _builder_version=&#8220;4.14.7&#8243; _module_preset=&#8220;default&#8220; global_colors_info=&#8220;{}&#8220;][et_pb_image src=&#8220;https:\/\/msiprojekti.com\/wp-content\/uploads\/2022\/02\/partnerstvo-2.png&#8220; title_text=&#8220;partnerstvo (2)&#8220; align=&#8220;center&#8220; _builder_version=&#8220;4.14.7&#8243; _module_preset=&#8220;default&#8220; width=&#8220;100%&#8220; global_colors_info=&#8220;{}&#8220;][\/et_pb_image][et_pb_text _builder_version=&#8220;4.14.9&#8243; _module_preset=&#8220;default&#8220; header_4_font=&#8220;CALIBRI||||||||&#8220; header_4_text_align=&#8220;center&#8220; header_4_text_color=&#8220;#FFFFFF&#8220; header_4_font_size=&#8220;26px&#8220; hover_enabled=&#8220;0&#8243; global_colors_info=&#8220;{}&#8220; sticky_enabled=&#8220;0&#8243;]<\/p>\n<h4>Partnerschaft<\/h4>\n<p>[\/et_pb_text][\/et_pb_column][et_pb_column type=&#8220;1_4&#8243; _builder_version=&#8220;4.14.7&#8243; _module_preset=&#8220;default&#8220; global_colors_info=&#8220;{}&#8220;][et_pb_image src=&#8220;https:\/\/msiprojekti.com\/wp-content\/uploads\/2022\/02\/zaupanje.png&#8220; title_text=&#8220;zaupanje&#8220; align=&#8220;center&#8220; _builder_version=&#8220;4.14.7&#8243; _module_preset=&#8220;default&#8220; global_colors_info=&#8220;{}&#8220;][\/et_pb_image][et_pb_text _builder_version=&#8220;4.14.9&#8243; _module_preset=&#8220;default&#8220; header_4_font=&#8220;CALIBRI||||||||&#8220; header_4_text_align=&#8220;center&#8220; header_4_text_color=&#8220;#FFFFFF&#8220; header_4_font_size=&#8220;26px&#8220; hover_enabled=&#8220;0&#8243; global_colors_info=&#8220;{}&#8220; sticky_enabled=&#8220;0&#8243;]<\/p>\n<h4>Vertrauen<\/h4>\n<p>[\/et_pb_text][\/et_pb_column][\/et_pb_row][\/et_pb_section][et_pb_section fb_built=&#8220;1&#8243; _builder_version=&#8220;4.14.7&#8243; _module_preset=&#8220;default&#8220; background_color=&#8220;#FFFFFF&#8220; background_enable_image=&#8220;off&#8220; parallax=&#8220;on&#8220; parallax_method=&#8220;off&#8220; global_colors_info=&#8220;{}&#8220;][et_pb_row _builder_version=&#8220;4.14.7&#8243; _module_preset=&#8220;default&#8220; global_colors_info=&#8220;{}&#8220;][et_pb_column type=&#8220;4_4&#8243; _builder_version=&#8220;4.14.7&#8243; _module_preset=&#8220;default&#8220; global_colors_info=&#8220;{}&#8220;][et_pb_text _builder_version=&#8220;4.14.9&#8243; _module_preset=&#8220;default&#8220; text_font=&#8220;CALIBRI|500|||||||&#8220; text_text_color=&#8220;#000000&#8243; text_font_size=&#8220;24px&#8220; text_orientation=&#8220;center&#8220; animation_style=&#8220;slide&#8220; hover_enabled=&#8220;0&#8243; global_colors_info=&#8220;{}&#8220; sticky_enabled=&#8220;0&#8243;]<\/p>\n<p>Wir verwenden Cookies, um Ihnen die bestm\u00f6gliche Nutzung unserer Website zu erm\u00f6glichen. Ein Cookie ist eine kleine Textdatei, die bei Ihrem Besuch vor\u00fcbergehend auf Ihrem Computer oder Mobilger\u00e4t gespeichert wird und Ihre Online-Erfahrung verbessert. Cookies enthalten keine pers\u00f6nlichen Informationen \u00fcber den Benutzer und erlauben keine Identifizierung der Person. Cookies enthalten oft eine eindeutige Kennung \u2013 eine anonyme Nummer, die v\u00f6llig zuf\u00e4llig generiert und auf der Festplatte Ihres Computers gespeichert wird. Einige Cookies werden nach Abschluss der Arbeit oder der Nutzung der Website gel\u00f6scht, von denen einige f\u00fcr l\u00e4ngere Zeit auf Ihrem Computer verbleiben.<\/p>\n<p><strong>Arten von Cookies<\/strong><\/p>\n<p>1. Gute Cookies<br \/>Cookies von Erstanbietern stammen von der Website, die der Nutzer dauerhaft oder vor\u00fcbergehend ansieht. Seiten verwenden diese Cookies, um Informationen zu speichern, die sie wiederverwenden, wenn der Benutzer die Seite das n\u00e4chste Mal besucht.<\/p>\n<p>2.\u00a0Andere Cookies<br \/>Cookies anderer Parteien stammen von anderen Partner-Internetseiten. Auf diese Weise k\u00f6nnen dritte Benutzerdaten von verschiedenen Websites sammeln und f\u00fcr verschiedene Zwecke verwenden, z.B. um die Popularit\u00e4t zu bestimmen. Die Webseite, die Sie besuchen, verwenden eigene Cookies.<\/p>\n<p><strong>Warum Cookies zulassen?<\/strong><\/p>\n<p>-Informationen in Cookies dienen dazu, eine bessere Erfahrung in der Nutzung einer Website zu bieten oder eine h\u00f6here Qualit\u00e4t der Dienste zu gew\u00e4hrleisten.<\/p>\n<p>-Um die Erkennung Ihres Computers zu erm\u00f6glichen, damit Sie nicht wiederholt dieselben Daten f\u00fcr eine bestimmte Aufgabe oder w\u00e4hrend einer Sitzung eingeben m\u00fcssen (z. B. beim Ausf\u00fcllen von Online-Formularen oder Online-Umfragen)<\/p>\n<p>-Um den reibungslosen Betrieb von Video-Playern zu erm\u00f6glichen<\/p>\n<p>\u2013 ausreichende Kapazit\u00e4t bereitstellen, um den Systembetrieb mit hoher Geschwindigkeit zu erreichen. Cookies sind hilfreich bei der Analyse anonymer Daten, die es uns erm\u00f6glichen, die Interaktion zwischen Benutzern und verschiedenen Aspekten unserer Online-Dienste zu verstehen, um sie weiter zu verbessern.<\/p>\n<p><strong>Was passiert, wenn Sie keine Cookies akzeptieren?<\/strong><\/p>\n<p>Wenn Sie keine Cookies akzeptieren, k\u00f6nnen bestimmte Funktionen auf dieser Website nicht korrekt angezeigt oder ausgef\u00fchrt werden. Dies kann zu einer eingeschr\u00e4nkten Nutzung dieser Website f\u00fchren und wirkt sich negativ auf die Funktionsweise der Website und die Anzeige von Inhalten aus und beeintr\u00e4chtigt Ihre Nutzererfahrung..<\/p>\n<p><strong>Dies kann zum Beispiel sein zu folgenden Aspekten:<\/strong><\/p>\n<p>-Pers\u00f6nliche Erfahrung in der Nutzung der Website<br \/>\u2013 Sehen Sie Videos an<br \/>-Die F\u00e4higkeit, einzelne Inhalte auf der Website und die \u201eTeile\u201c Funktion in sozialen Netzwerken zu genie\u00dfen<br \/>-Display-Inhalt enthalten<br \/>\u2013 Cookies auf der Seite<\/p>\n<p>Im Moment haben wir zwei verschiedene Arten von Tracking auf der Website, um einen besseren Service auf der Site bereitzustellen. Zun\u00e4chst verwenden wir Google Analytics, wodurch wir Ihnen das anbieten k\u00f6nnen, wonach Sie suchen.Wir verwenden Tracking-Links zu sozialen Netzwerken, die auf eine Seite verlinken m\u00fcssen<\/p>\n<p>\u200b<\/p>\n<p>[\/et_pb_text][\/et_pb_column][\/et_pb_row][\/et_pb_section]<\/p>\n<span class=\"et_bloom_bottom_trigger\"><\/span>","protected":false},"excerpt":{"rendered":"<p>COOKIES WIR SIND FOLGENDEN WERTEN VERPFLICHTETZuverl\u00e4ssigkeitSicherheitPartnerschaftVertrauenWir verwenden Cookies, um Ihnen die bestm\u00f6gliche Nutzung unserer Website zu erm\u00f6glichen. Ein Cookie ist eine kleine Textdatei, die bei Ihrem Besuch vor\u00fcbergehend auf Ihrem Computer oder Mobilger\u00e4t gespeichert wird und Ihre Online-Erfahrung verbessert. Cookies enthalten keine pers\u00f6nlichen Informationen \u00fcber den Benutzer und erlauben keine Identifizierung der Person. Cookies enthalten [&hellip;]<\/p>\n","protected":false},"author":1,"featured_media":0,"parent":0,"menu_order":0,"comment_status":"closed","ping_status":"closed","template":"","meta":{"_et_pb_use_builder":"on","_et_pb_old_content":"<p>[et_pb_section fb_built=\"1\" _builder_version=\"4.14.7\" _module_preset=\"default\" background_color=\"#000000\" background_enable_image=\"off\" custom_margin=\"-34px||||false|false\" global_colors_info=\"{}\" theme_builder_area=\"post_content\"][et_pb_row column_structure=\"1_2,1_2\" _builder_version=\"4.14.7\" _module_preset=\"default\" hover_enabled=\"0\" global_colors_info=\"{}\" theme_builder_area=\"post_content\" sticky_enabled=\"0\"][et_pb_column type=\"1_2\" _builder_version=\"4.14.7\" _module_preset=\"default\" custom_padding=\"52px||||false|false\" hover_enabled=\"0\" global_colors_info=\"{}\" theme_builder_area=\"post_content\" sticky_enabled=\"0\"][et_pb_divider color=\"#FFFFFF\" divider_weight=\"4px\" _builder_version=\"4.14.7\" _module_preset=\"default\" animation_style=\"slide\" animation_direction=\"left\" global_colors_info=\"{}\" theme_builder_area=\"post_content\"][\/et_pb_divider][et_pb_text _builder_version=\"4.14.7\" _module_preset=\"default\" header_font=\"CALIBRI|700|||||||\" header_text_align=\"center\" header_text_color=\"#FFFFFF\" header_font_size=\"34px\" header_2_font=\"CALIBRI||||||||\" header_2_text_align=\"center\" header_2_text_color=\"#FFFFFF\" header_3_font=\"CALIBRI||||||||\" header_3_text_align=\"center\" header_3_text_color=\"#FFFFFF\" hover_enabled=\"0\" global_colors_info=\"{}\" theme_builder_area=\"post_content\" sticky_enabled=\"0\"]<\/p><h1>PI\u0160KOTKI<\/h1><h3>\u00a0<\/h3><p>[\/et_pb_text][et_pb_divider color=\"#FFFFFF\" divider_weight=\"4px\" _builder_version=\"4.14.7\" _module_preset=\"default\" animation_style=\"slide\" animation_direction=\"left\" global_colors_info=\"{}\" theme_builder_area=\"post_content\"][\/et_pb_divider][\/et_pb_column][et_pb_column type=\"1_2\" _builder_version=\"4.14.7\" _module_preset=\"default\" global_colors_info=\"{}\" theme_builder_area=\"post_content\"][et_pb_image src=\"https:\/\/msiprojekti.com\/wp-content\/uploads\/2022\/02\/msi-projekti-naslovna-slika.jpg\" title_text=\"msi projekti - naslovna slika\" _builder_version=\"4.14.7\" _module_preset=\"default\" custom_margin=\"0px|||-10px|false|false\" custom_padding=\"0px||||false|false\" global_colors_info=\"{}\" theme_builder_area=\"post_content\"][\/et_pb_image][\/et_pb_column][\/et_pb_row][et_pb_row _builder_version=\"4.14.7\" _module_preset=\"default\" global_colors_info=\"{}\" theme_builder_area=\"post_content\"][et_pb_column type=\"4_4\" _builder_version=\"4.14.7\" _module_preset=\"default\" global_colors_info=\"{}\" theme_builder_area=\"post_content\"][et_pb_text _builder_version=\"4.14.7\" _module_preset=\"default\" header_font=\"BOOKMAN OLD STYLE|700|||||||\" header_text_color=\"#FFFFFF\" header_3_font=\"CALIBRI|600|||||||\" header_3_text_color=\"#FFFFFF\" global_colors_info=\"{}\" theme_builder_area=\"post_content\"]<\/p><h3 style=\"text-align: center;\">ZAVEZANI SMO VREDNOTAM<\/h3><p>[\/et_pb_text][\/et_pb_column][\/et_pb_row][et_pb_row column_structure=\"1_4,1_4,1_4,1_4\" _builder_version=\"4.14.7\" _module_preset=\"default\" global_colors_info=\"{}\" theme_builder_area=\"post_content\"][et_pb_column type=\"1_4\" _builder_version=\"4.14.7\" _module_preset=\"default\" global_colors_info=\"{}\" theme_builder_area=\"post_content\"][et_pb_image src=\"https:\/\/msiprojekti.com\/wp-content\/uploads\/2022\/02\/ZANESLJIVOST-2.png\" title_text=\"ZANESLJIVOST (2)\" align=\"center\" _builder_version=\"4.14.7\" _module_preset=\"default\" global_colors_info=\"{}\" theme_builder_area=\"post_content\"][\/et_pb_image][et_pb_text _builder_version=\"4.14.7\" _module_preset=\"default\" header_4_font=\"CALIBRI||||||||\" header_4_text_align=\"center\" header_4_text_color=\"#FFFFFF\" header_4_font_size=\"26px\" global_colors_info=\"{}\" theme_builder_area=\"post_content\"]<\/p><h4>Zanesljivost<\/h4><p>[\/et_pb_text][\/et_pb_column][et_pb_column type=\"1_4\" _builder_version=\"4.14.7\" _module_preset=\"default\" global_colors_info=\"{}\" theme_builder_area=\"post_content\"][et_pb_image src=\"https:\/\/msiprojekti.com\/wp-content\/uploads\/2022\/02\/varnost-2.png\" title_text=\"varnost (2)\" align=\"center\" _builder_version=\"4.14.7\" _module_preset=\"default\" global_colors_info=\"{}\" theme_builder_area=\"post_content\"][\/et_pb_image][et_pb_text _builder_version=\"4.14.7\" _module_preset=\"default\" header_4_font=\"CALIBRI||||||||\" header_4_text_align=\"center\" header_4_text_color=\"#FFFFFF\" header_4_font_size=\"26px\" global_colors_info=\"{}\" theme_builder_area=\"post_content\"]<\/p><h4>Varnost<\/h4><p>[\/et_pb_text][\/et_pb_column][et_pb_column type=\"1_4\" _builder_version=\"4.14.7\" _module_preset=\"default\" global_colors_info=\"{}\" theme_builder_area=\"post_content\"][et_pb_image src=\"https:\/\/msiprojekti.com\/wp-content\/uploads\/2022\/02\/partnerstvo-2.png\" title_text=\"partnerstvo (2)\" align=\"center\" _builder_version=\"4.14.7\" _module_preset=\"default\" width=\"100%\" global_colors_info=\"{}\" theme_builder_area=\"post_content\"][\/et_pb_image][et_pb_text _builder_version=\"4.14.7\" _module_preset=\"default\" header_4_font=\"CALIBRI||||||||\" header_4_text_align=\"center\" header_4_text_color=\"#FFFFFF\" header_4_font_size=\"26px\" global_colors_info=\"{}\" theme_builder_area=\"post_content\"]<\/p><h4>Partnerstvo<\/h4><p>[\/et_pb_text][\/et_pb_column][et_pb_column type=\"1_4\" _builder_version=\"4.14.7\" _module_preset=\"default\" global_colors_info=\"{}\" theme_builder_area=\"post_content\"][et_pb_image src=\"https:\/\/msiprojekti.com\/wp-content\/uploads\/2022\/02\/zaupanje.png\" title_text=\"zaupanje\" align=\"center\" _builder_version=\"4.14.7\" _module_preset=\"default\" global_colors_info=\"{}\" theme_builder_area=\"post_content\"][\/et_pb_image][et_pb_text _builder_version=\"4.14.7\" _module_preset=\"default\" header_4_font=\"CALIBRI||||||||\" header_4_text_align=\"center\" header_4_text_color=\"#FFFFFF\" header_4_font_size=\"26px\" global_colors_info=\"{}\" theme_builder_area=\"post_content\"]<\/p><h4>Zaupanje<\/h4><p>[\/et_pb_text][\/et_pb_column][\/et_pb_row][\/et_pb_section][et_pb_section fb_built=\"1\" _builder_version=\"4.14.7\" _module_preset=\"default\" background_color=\"#FFFFFF\" background_enable_image=\"off\" parallax=\"on\" parallax_method=\"off\" hover_enabled=\"0\" global_colors_info=\"{}\" sticky_enabled=\"0\"][et_pb_row _builder_version=\"4.14.7\" _module_preset=\"default\" global_colors_info=\"{}\"][et_pb_column type=\"4_4\" _builder_version=\"4.14.7\" _module_preset=\"default\" global_colors_info=\"{}\"][et_pb_text _builder_version=\"4.14.7\" _module_preset=\"default\" text_font=\"CALIBRI|500|||||||\" text_text_color=\"#000000\" text_font_size=\"24px\" text_orientation=\"center\" animation_style=\"slide\" hover_enabled=\"0\" global_colors_info=\"{}\" sticky_enabled=\"0\"]<\/p><p>Pi\u0161kotke uporabljamo, da vam omogo\u010dimo najbolj\u0161o izku\u0161njo pri uporabi na\u0161e spletne strani. Pi\u0161kotek je majhna besedilna datoteka, ki se ob va\u0161em obisku za\u010dasno shrani na va\u0161em ra\u010dunalniku ali mobilni napravi ter pove\u010da va\u0161e spletne izku\u0161nje.\u00a0Pi\u0161kotki ne vsebujejo nobenih osebnih podatkov o uporabniku in ne omogo\u010dajo identifikacije posameznika. Pi\u0161kotki pogosto vsebujejo edinstveni identifikator \u2013 anonimna \u0161tevilka, ki se generira povsem naklju\u010dno in se shrani na trdem disku ra\u010dunalnika. Nekateri pi\u0161kotki se zbri\u0161ejo po kon\u010danem delu oziroma uporabi spletne strani, nekatere ostanejo na va\u0161em ra\u010dunalniku dlje \u010dasa.<\/p><p><strong>Vrste pi\u0161kotkov<\/strong><\/p><p>1.Lastni pi\u0161kotki<\/p><p>(angl. 1st party cookies) so s spletnega mesta, ki si ga uporabnik ogleduje, in so lahko trajni ali za\u010dasni. Spletna mesta te pi\u0161kotke uporabljajo za shranjevanje informacij, ki jih bodo znova uporabila, ko uporabnik naslednji\u010d obi\u0161\u010de to mesto.<\/p><p>2.Drugi pi\u0161kotki<\/p><p>Drugi pi\u0161kotki (angl. 3rd party cookies) izvirajo od drugih, partnerskih spletnih mest. Tretje strani lahko na ta na\u010din zbirajo podatke o uporabnikih z razli\u010dnih spletnih mest in jih uporabljajo za razli\u010dne namene, npr. za ugotavljanje priljubljenosti. Spletna stran, ki jo obi\u0161\u010dete, lahko npr. vsebuje spletno stran za izmenjavo videoposnetkov, YouTube, ki uporablja svoje pi\u0161kotke.<\/p><p><strong>Zakaj dovoliti uporabo pi\u0161kotkov?<\/strong><\/p><p>-Informacije, ki jih vsebujejo pi\u0161kotki, slu\u017eijo za zagotavljanje bolj\u0161e izku\u0161nje pri uporabi spletne strani oziroma za zagotavljanje ve\u010dje kakovosti storitev<\/p><p>-Omogo\u010dajo prepoznavanje va\u0161ega ra\u010dunalnika, tako da vam pri dolo\u010deni nalogi ali med sejo (npr. pri \u00a0izpolnjevanju spletnih formularjev ali spletnih anket) ni treba ve\u010dkrat vna\u0161ati istih podatkov<\/p><p>-Omogo\u010dajo brezhibno delovanje video \u2013 predvajalnikov<\/p><p>-Merijo \u0161tevilo uporabnikov razli\u010dnih storitev in omogo\u010dajo enostavno uporabo teh storitev ter \u2013 \u00a0zagotavljajo ustrezno zmogljivost za doseganje visoke hitrosti, delovanja sistema. Pi\u0161kotki so v pomo\u010d pri \u00a0analiziranju anonimnih podatkov, kar nam omogo\u010da razumevanje interakcije med uporabniki in \u00a0razli\u010dnimi aspekti na\u0161ih spletnih storitev, zato da jih lahko \u0161e dodatno izbolj\u0161amo.<\/p><p><strong>Kaj se zgodi, \u010de pi\u0161kotkov ne sprejmete?<\/strong><\/p><p>\u010ce pi\u0161kotkov ne sprejmete, se dolo\u010dene funkcije na tej spletni strani \u00a0ne morejo pravilno \u00a0prikazati ali izvesti. To lahko povzro\u010di omejene mo\u017enosti uporabe te spletne strani in se negativno odra\u017ea pri delovanju spletne strani in prikazu vsebin ter vpliva na va\u0161o uporabni\u0161ko izku\u0161njo.<\/p><p><strong>To se lahko nana\u0161a npr. na naslednje aspekte:<\/strong><\/p><p>-Osebna izku\u0161nja pri uporabi spletne strani<\/p><p>-Ogled videoposnetkov<\/p><p>-Mo\u017enost v\u0161e\u010dkanja posameznih vsebin na spletni strani in funkcije \u201ddeli\u201d na dru\u017ebenih omre\u017ejih<\/p><p>-Prikaz vklju\u010denih vsebin<\/p><p>-Katere pi\u0161kotke imamo na strani<\/p><p>Trenutno imamo na spletni strani dve razli\u010dni vrsti sledenja uporabni\u0161kim dejavnostim na strani za zagotavljanje bolj\u0161e storitve. Kot prvo uporabljamo Google Analytics, ki nam omogo\u010da, da vam ponudimo tisto kar i\u0161\u010dete. In kot drugo uporabljamo sledenje povezavam s socialnimi omre\u017eji, ki so potrebna za povezavo na strani.<\/p><p>[\/et_pb_text][\/et_pb_column][\/et_pb_row][\/et_pb_section]<\/p>","_et_gb_content_width":"","footnotes":""},"_links":{"self":[{"href":"https:\/\/msiprojekti.com\/de\/wp-json\/wp\/v2\/pages\/231788"}],"collection":[{"href":"https:\/\/msiprojekti.com\/de\/wp-json\/wp\/v2\/pages"}],"about":[{"href":"https:\/\/msiprojekti.com\/de\/wp-json\/wp\/v2\/types\/page"}],"author":[{"embeddable":true,"href":"https:\/\/msiprojekti.com\/de\/wp-json\/wp\/v2\/users\/1"}],"replies":[{"embeddable":true,"href":"https:\/\/msiprojekti.com\/de\/wp-json\/wp\/v2\/comments?post=231788"}],"version-history":[{"count":6,"href":"https:\/\/msiprojekti.com\/de\/wp-json\/wp\/v2\/pages\/231788\/revisions"}],"predecessor-version":[{"id":231795,"href":"https:\/\/msiprojekti.com\/de\/wp-json\/wp\/v2\/pages\/231788\/revisions\/231795"}],"wp:attachment":[{"href":"https:\/\/msiprojekti.com\/de\/wp-json\/wp\/v2\/media?parent=231788"}],"curies":[{"name":"wp","href":"https:\/\/api.w.org\/{rel}","templated":true}]}}