{"id":231558,"date":"2022-02-02T18:42:06","date_gmt":"2022-02-02T18:42:06","guid":{"rendered":"https:\/\/msiprojekti.com\/kontakt\/"},"modified":"2022-03-11T16:05:45","modified_gmt":"2022-03-11T16:05:45","slug":"kontakt","status":"publish","type":"page","link":"https:\/\/msiprojekti.com\/de\/kontakt\/","title":{"rendered":"Kontakt"},"content":{"rendered":"<p>[et_pb_section fb_built=&#8220;1&#8243; _builder_version=&#8220;4.14.7&#8243; _module_preset=&#8220;default&#8220; background_color=&#8220;#000000&#8243; background_enable_image=&#8220;off&#8220; custom_margin=&#8220;-34px||||false|false&#8220; global_colors_info=&#8220;{}&#8220;][et_pb_row column_structure=&#8220;1_2,1_2&#8243; _builder_version=&#8220;4.14.7&#8243; _module_preset=&#8220;default&#8220; global_colors_info=&#8220;{}&#8220;][et_pb_column type=&#8220;1_2&#8243; _builder_version=&#8220;4.14.7&#8243; _module_preset=&#8220;default&#8220; custom_padding=&#8220;55px||||false|false&#8220; global_colors_info=&#8220;{}&#8220;][et_pb_divider color=&#8220;#FFFFFF&#8220; divider_weight=&#8220;4px&#8220; _builder_version=&#8220;4.14.7&#8243; _module_preset=&#8220;default&#8220; animation_style=&#8220;slide&#8220; animation_direction=&#8220;left&#8220; global_colors_info=&#8220;{}&#8220;][\/et_pb_divider][et_pb_text _builder_version=&#8220;4.14.7&#8243; _module_preset=&#8220;default&#8220; header_font=&#8220;CALIBRI|700|||||||&#8220; header_text_align=&#8220;center&#8220; header_text_color=&#8220;#FFFFFF&#8220; header_font_size=&#8220;34px&#8220; header_2_font=&#8220;CALIBRI||||||||&#8220; header_2_text_align=&#8220;center&#8220; header_2_text_color=&#8220;#FFFFFF&#8220; header_3_font=&#8220;CALIBRI||||||||&#8220; header_3_text_align=&#8220;center&#8220; header_3_text_color=&#8220;#FFFFFF&#8220; global_colors_info=&#8220;{}&#8220;]<\/p>\n<h1>\u00a0MSI KONTAKT<\/h1>\n<h2>\u00a0<\/h2>\n<p>[\/et_pb_text][et_pb_divider color=&#8220;#FFFFFF&#8220; divider_weight=&#8220;4px&#8220; _builder_version=&#8220;4.14.7&#8243; _module_preset=&#8220;default&#8220; animation_style=&#8220;slide&#8220; animation_direction=&#8220;left&#8220; global_colors_info=&#8220;{}&#8220;][\/et_pb_divider][\/et_pb_column][et_pb_column type=&#8220;1_2&#8243; _builder_version=&#8220;4.14.7&#8243; _module_preset=&#8220;default&#8220; global_colors_info=&#8220;{}&#8220;][et_pb_image src=&#8220;https:\/\/msiprojekti.com\/wp-content\/uploads\/2022\/03\/MSI-KONTAKT.jpg&#8220; title_text=&#8220;MSI KONTAKT&#8220; _builder_version=&#8220;4.14.7&#8243; _module_preset=&#8220;default&#8220; custom_margin=&#8220;0px|||-10px|false|false&#8220; custom_padding=&#8220;0px||||false|false&#8220; global_colors_info=&#8220;{}&#8220;][\/et_pb_image][\/et_pb_column][\/et_pb_row][et_pb_row _builder_version=&#8220;4.14.7&#8243; _module_preset=&#8220;default&#8220; global_colors_info=&#8220;{}&#8220;][et_pb_column type=&#8220;4_4&#8243; _builder_version=&#8220;4.14.7&#8243; _module_preset=&#8220;default&#8220; global_colors_info=&#8220;{}&#8220;][et_pb_text _builder_version=&#8220;4.14.9&#8243; _module_preset=&#8220;default&#8220; header_font=&#8220;BOOKMAN OLD STYLE|700|||||||&#8220; header_text_color=&#8220;#FFFFFF&#8220; header_3_font=&#8220;CALIBRI|600|||||||&#8220; header_3_text_color=&#8220;#FFFFFF&#8220; hover_enabled=&#8220;0&#8243; global_colors_info=&#8220;{}&#8220; sticky_enabled=&#8220;0&#8243;]<\/p>\n<h3 style=\"text-align: center;\">WIR SIND FOLGENDEN WERTEN VERPFLICHTET<\/h3>\n<p>[\/et_pb_text][\/et_pb_column][\/et_pb_row][et_pb_row column_structure=&#8220;1_4,1_4,1_4,1_4&#8243; _builder_version=&#8220;4.14.7&#8243; _module_preset=&#8220;default&#8220; global_colors_info=&#8220;{}&#8220;][et_pb_column type=&#8220;1_4&#8243; _builder_version=&#8220;4.14.7&#8243; _module_preset=&#8220;default&#8220; global_colors_info=&#8220;{}&#8220;][et_pb_image src=&#8220;https:\/\/msiprojekti.com\/wp-content\/uploads\/2022\/02\/ZANESLJIVOST-2.png&#8220; title_text=&#8220;ZANESLJIVOST (2)&#8220; align=&#8220;center&#8220; _builder_version=&#8220;4.14.7&#8243; _module_preset=&#8220;default&#8220; global_colors_info=&#8220;{}&#8220;][\/et_pb_image][et_pb_text _builder_version=&#8220;4.14.9&#8243; _module_preset=&#8220;default&#8220; header_4_font=&#8220;CALIBRI||||||||&#8220; header_4_text_align=&#8220;center&#8220; header_4_text_color=&#8220;#FFFFFF&#8220; header_4_font_size=&#8220;26px&#8220; hover_enabled=&#8220;0&#8243; global_colors_info=&#8220;{}&#8220; sticky_enabled=&#8220;0&#8243;]<\/p>\n<h4>Zuverl\u00e4ssigkeit<\/h4>\n<p>[\/et_pb_text][\/et_pb_column][et_pb_column type=&#8220;1_4&#8243; _builder_version=&#8220;4.14.7&#8243; _module_preset=&#8220;default&#8220; global_colors_info=&#8220;{}&#8220;][et_pb_image src=&#8220;https:\/\/msiprojekti.com\/wp-content\/uploads\/2022\/02\/varnost-2.png&#8220; title_text=&#8220;varnost (2)&#8220; align=&#8220;center&#8220; _builder_version=&#8220;4.14.7&#8243; _module_preset=&#8220;default&#8220; global_colors_info=&#8220;{}&#8220;][\/et_pb_image][et_pb_text _builder_version=&#8220;4.14.9&#8243; _module_preset=&#8220;default&#8220; header_4_font=&#8220;CALIBRI||||||||&#8220; header_4_text_align=&#8220;center&#8220; header_4_text_color=&#8220;#FFFFFF&#8220; header_4_font_size=&#8220;26px&#8220; hover_enabled=&#8220;0&#8243; global_colors_info=&#8220;{}&#8220; sticky_enabled=&#8220;0&#8243;]<\/p>\n<h4>Sicherheit<\/h4>\n<p>[\/et_pb_text][\/et_pb_column][et_pb_column type=&#8220;1_4&#8243; _builder_version=&#8220;4.14.7&#8243; _module_preset=&#8220;default&#8220; global_colors_info=&#8220;{}&#8220;][et_pb_image src=&#8220;https:\/\/msiprojekti.com\/wp-content\/uploads\/2022\/02\/partnerstvo-2.png&#8220; title_text=&#8220;partnerstvo (2)&#8220; align=&#8220;center&#8220; _builder_version=&#8220;4.14.7&#8243; _module_preset=&#8220;default&#8220; width=&#8220;100%&#8220; global_colors_info=&#8220;{}&#8220;][\/et_pb_image][et_pb_text _builder_version=&#8220;4.14.9&#8243; _module_preset=&#8220;default&#8220; header_4_font=&#8220;CALIBRI||||||||&#8220; header_4_text_align=&#8220;center&#8220; header_4_text_color=&#8220;#FFFFFF&#8220; header_4_font_size=&#8220;26px&#8220; hover_enabled=&#8220;0&#8243; global_colors_info=&#8220;{}&#8220; sticky_enabled=&#8220;0&#8243;]<\/p>\n<h4>Partnerschaft<\/h4>\n<p>[\/et_pb_text][\/et_pb_column][et_pb_column type=&#8220;1_4&#8243; _builder_version=&#8220;4.14.7&#8243; _module_preset=&#8220;default&#8220; global_colors_info=&#8220;{}&#8220;][et_pb_image src=&#8220;https:\/\/msiprojekti.com\/wp-content\/uploads\/2022\/02\/zaupanje.png&#8220; title_text=&#8220;zaupanje&#8220; align=&#8220;center&#8220; _builder_version=&#8220;4.14.7&#8243; _module_preset=&#8220;default&#8220; global_colors_info=&#8220;{}&#8220;][\/et_pb_image][et_pb_text _builder_version=&#8220;4.14.9&#8243; _module_preset=&#8220;default&#8220; header_4_font=&#8220;CALIBRI||||||||&#8220; header_4_text_align=&#8220;center&#8220; header_4_text_color=&#8220;#FFFFFF&#8220; header_4_font_size=&#8220;26px&#8220; hover_enabled=&#8220;0&#8243; global_colors_info=&#8220;{}&#8220; sticky_enabled=&#8220;0&#8243;]<\/p>\n<h4>Vertrauen<\/h4>\n<p>[\/et_pb_text][\/et_pb_column][\/et_pb_row][\/et_pb_section][et_pb_section fb_built=&#8220;1&#8243; _builder_version=&#8220;4.14.7&#8243; _module_preset=&#8220;default&#8220; background_color=&#8220;#FFFFFF&#8220; background_enable_image=&#8220;off&#8220; parallax=&#8220;on&#8220; parallax_method=&#8220;off&#8220; global_colors_info=&#8220;{}&#8220;][et_pb_row column_structure=&#8220;1_2,1_2&#8243; _builder_version=&#8220;4.14.7&#8243; _module_preset=&#8220;default&#8220; global_colors_info=&#8220;{}&#8220;][et_pb_column type=&#8220;1_2&#8243; _builder_version=&#8220;4.14.7&#8243; _module_preset=&#8220;default&#8220; global_colors_info=&#8220;{}&#8220;][et_pb_text _builder_version=&#8220;4.14.7&#8243; _module_preset=&#8220;default&#8220; header_4_font=&#8220;CALIBRI||||||||&#8220; header_4_text_align=&#8220;left&#8220; header_4_text_color=&#8220;#000000&#8243; header_4_font_size=&#8220;26px&#8220; global_colors_info=&#8220;{}&#8220;]<\/p>\n<h4><strong>Trebnje<\/strong><\/h4>\n<p>[\/et_pb_text][et_pb_image src=&#8220;https:\/\/msiprojekti.com\/wp-content\/uploads\/2022\/02\/msi-projekti-2.png&#8220; title_text=&#8220;msi projekti (2)&#8220; _builder_version=&#8220;4.14.7&#8243; _module_preset=&#8220;default&#8220; global_colors_info=&#8220;{}&#8220;][\/et_pb_image][et_pb_text _builder_version=&#8220;4.14.7&#8243; _module_preset=&#8220;default&#8220; header_4_font=&#8220;CALIBRI||||||||&#8220; header_4_text_align=&#8220;left&#8220; header_4_text_color=&#8220;#000000&#8243; header_4_font_size=&#8220;26px&#8220; global_colors_info=&#8220;{}&#8220;]<\/p>\n<h4>+38651222109<\/h4>\n<p>[\/et_pb_text][et_pb_image src=&#8220;https:\/\/msiprojekti.com\/wp-content\/uploads\/2022\/02\/msi-projekti-mail-2.png&#8220; title_text=&#8220;msi projekti mail (2)&#8220; _builder_version=&#8220;4.14.7&#8243; _module_preset=&#8220;default&#8220; global_colors_info=&#8220;{}&#8220;][\/et_pb_image][et_pb_text _builder_version=&#8220;4.14.7&#8243; _module_preset=&#8220;default&#8220; header_4_font=&#8220;CALIBRI||||||||&#8220; header_4_text_align=&#8220;left&#8220; header_4_text_color=&#8220;#000000&#8243; header_4_font_size=&#8220;26px&#8220; global_colors_info=&#8220;{}&#8220;]<\/p>\n<h4><a href=\"mailto:info@msiprojekti.com\">info@msiprojekti.com<\/a><\/h4>\n<h4><a href=\"mailto:finance@msiprojekti.com\">finance@msiprojekti.com<\/a><\/h4>\n<p>&nbsp;<\/p>\n<p>[\/et_pb_text][et_pb_text _builder_version=&#8220;4.14.9&#8243; _module_preset=&#8220;default&#8220; header_4_font=&#8220;CALIBRI||||||||&#8220; header_4_text_align=&#8220;left&#8220; header_4_text_color=&#8220;#000000&#8243; header_4_font_size=&#8220;26px&#8220; hover_enabled=&#8220;0&#8243; global_colors_info=&#8220;{}&#8220; sticky_enabled=&#8220;0&#8243;]<\/p>\n<h4><strong>\u00d6ffnungszeiten<\/strong><\/h4>\n<p>[\/et_pb_text][et_pb_text _builder_version=&#8220;4.14.9&#8243; _module_preset=&#8220;default&#8220; header_4_font=&#8220;CALIBRI||||||||&#8220; header_4_text_align=&#8220;left&#8220; header_4_text_color=&#8220;#000000&#8243; header_4_font_size=&#8220;26px&#8220; hover_enabled=&#8220;0&#8243; global_colors_info=&#8220;{}&#8220; sticky_enabled=&#8220;0&#8243;]<\/p>\n<h4>Montag &#8211; Freitag: 8 &#8211; 16 Uhr<\/h4>\n<h4>Samstag, Sonntag und Feiertage: geschlossen<\/h4>\n<pre><\/pre>\n<p>[\/et_pb_text][\/et_pb_column][et_pb_column type=&#8220;1_2&#8243; _builder_version=&#8220;4.14.7&#8243; _module_preset=&#8220;default&#8220; global_colors_info=&#8220;{}&#8220;][et_pb_text _builder_version=&#8220;4.14.9&#8243; _module_preset=&#8220;default&#8220; header_4_font=&#8220;CALIBRI||||||||&#8220; header_4_text_align=&#8220;left&#8220; header_4_text_color=&#8220;#000000&#8243; header_4_font_size=&#8220;26px&#8220; hover_enabled=&#8220;0&#8243; global_colors_info=&#8220;{}&#8220; sticky_enabled=&#8220;0&#8243;]<\/p>\n<h4>Senden Sie eine Anfrage und wir helfen Ihnen gerne weiter!<\/h4>\n<p>[\/et_pb_text][et_pb_contact_form email=&#8220;info@msiprojekti.com&#8220; custom_message=&#8220;Ime in priimek: %%Name%%||et_pb_line_break_holder||Telefonska \u0161tevilka:  %%telefonska_\u0161tevilka%%||et_pb_line_break_holder||Email:  %%Email%%||et_pb_line_break_holder||Sporo\u010dilo:  %%Message%%&#8220; success_message=&#8220;Nachricht wurde erfolgreich gesendet&#8220; submit_button_text=&#8220;SENDEN&#8220; _builder_version=&#8220;4.14.9&#8243; _module_preset=&#8220;default&#8220; _unique_id=&#8220;07611d12-c776-452e-8905-c780cd43e223&#8243; form_field_text_color=&#8220;#000000&#8243; captcha_font=&#8220;CALIBRI||||||||&#8220; captcha_text_color=&#8220;#000000&#8243; form_field_font=&#8220;CALIBRI||||||||&#8220; custom_button=&#8220;on&#8220; button_text_color=&#8220;#000000&#8243; button_font=&#8220;CALIBRI||||||||&#8220; custom_margin=&#8220;|||0px|false|false&#8220; custom_padding=&#8220;0px|||0px|false|false&#8220; hover_enabled=&#8220;0&#8243; global_colors_info=&#8220;{}&#8220; sticky_enabled=&#8220;0&#8243;][et_pb_contact_field field_id=&#8220;Name&#8220; field_title=&#8220;Vor- und Name&#8220; _builder_version=&#8220;4.14.9&#8243; hover_enabled=&#8220;0&#8243; global_colors_info=&#8220;{}&#8220; button_text_size__hover_enabled=&#8220;off&#8220; button_one_text_size__hover_enabled=&#8220;off&#8220; button_two_text_size__hover_enabled=&#8220;off&#8220; button_text_color__hover_enabled=&#8220;off&#8220; button_one_text_color__hover_enabled=&#8220;off&#8220; button_two_text_color__hover_enabled=&#8220;off&#8220; button_border_width__hover_enabled=&#8220;off&#8220; button_one_border_width__hover_enabled=&#8220;off&#8220; button_two_border_width__hover_enabled=&#8220;off&#8220; button_border_color__hover_enabled=&#8220;off&#8220; button_one_border_color__hover_enabled=&#8220;off&#8220; button_two_border_color__hover_enabled=&#8220;off&#8220; button_border_radius__hover_enabled=&#8220;off&#8220; button_one_border_radius__hover_enabled=&#8220;off&#8220; button_two_border_radius__hover_enabled=&#8220;off&#8220; button_letter_spacing__hover_enabled=&#8220;off&#8220; button_one_letter_spacing__hover_enabled=&#8220;off&#8220; button_two_letter_spacing__hover_enabled=&#8220;off&#8220; button_bg_color__hover_enabled=&#8220;off&#8220; button_one_bg_color__hover_enabled=&#8220;off&#8220; button_two_bg_color__hover_enabled=&#8220;off&#8220; sticky_enabled=&#8220;0&#8243;][\/et_pb_contact_field][et_pb_contact_field field_id=&#8220;telefonska_\u0161tevilka&#8220; field_title=&#8220;Telefonnummer&#8220; fullwidth_field=&#8220;on&#8220; _builder_version=&#8220;4.14.9&#8243; _module_preset=&#8220;default&#8220; hover_enabled=&#8220;0&#8243; global_colors_info=&#8220;{}&#8220; sticky_enabled=&#8220;0&#8243;][\/et_pb_contact_field][et_pb_contact_field field_id=&#8220;Email&#8220; field_title=&#8220;E-Mail-Adresse&#8220; field_type=&#8220;email&#8220; _builder_version=&#8220;4.14.9&#8243; hover_enabled=&#8220;0&#8243; global_colors_info=&#8220;{}&#8220; button_text_size__hover_enabled=&#8220;off&#8220; button_one_text_size__hover_enabled=&#8220;off&#8220; button_two_text_size__hover_enabled=&#8220;off&#8220; button_text_color__hover_enabled=&#8220;off&#8220; button_one_text_color__hover_enabled=&#8220;off&#8220; button_two_text_color__hover_enabled=&#8220;off&#8220; button_border_width__hover_enabled=&#8220;off&#8220; button_one_border_width__hover_enabled=&#8220;off&#8220; button_two_border_width__hover_enabled=&#8220;off&#8220; button_border_color__hover_enabled=&#8220;off&#8220; button_one_border_color__hover_enabled=&#8220;off&#8220; button_two_border_color__hover_enabled=&#8220;off&#8220; button_border_radius__hover_enabled=&#8220;off&#8220; button_one_border_radius__hover_enabled=&#8220;off&#8220; button_two_border_radius__hover_enabled=&#8220;off&#8220; button_letter_spacing__hover_enabled=&#8220;off&#8220; button_one_letter_spacing__hover_enabled=&#8220;off&#8220; button_two_letter_spacing__hover_enabled=&#8220;off&#8220; button_bg_color__hover_enabled=&#8220;off&#8220; button_one_bg_color__hover_enabled=&#8220;off&#8220; button_two_bg_color__hover_enabled=&#8220;off&#8220; sticky_enabled=&#8220;0&#8243;][\/et_pb_contact_field][et_pb_contact_field field_id=&#8220;Message&#8220; field_title=&#8220;Wie k\u00f6nnen wir Ihnen helfen?&#8220; field_type=&#8220;text&#8220; fullwidth_field=&#8220;on&#8220; _builder_version=&#8220;4.14.9&#8243; hover_enabled=&#8220;0&#8243; global_colors_info=&#8220;{}&#8220; button_text_size__hover_enabled=&#8220;off&#8220; button_one_text_size__hover_enabled=&#8220;off&#8220; button_two_text_size__hover_enabled=&#8220;off&#8220; button_text_color__hover_enabled=&#8220;off&#8220; button_one_text_color__hover_enabled=&#8220;off&#8220; button_two_text_color__hover_enabled=&#8220;off&#8220; button_border_width__hover_enabled=&#8220;off&#8220; button_one_border_width__hover_enabled=&#8220;off&#8220; button_two_border_width__hover_enabled=&#8220;off&#8220; button_border_color__hover_enabled=&#8220;off&#8220; button_one_border_color__hover_enabled=&#8220;off&#8220; button_two_border_color__hover_enabled=&#8220;off&#8220; button_border_radius__hover_enabled=&#8220;off&#8220; button_one_border_radius__hover_enabled=&#8220;off&#8220; button_two_border_radius__hover_enabled=&#8220;off&#8220; button_letter_spacing__hover_enabled=&#8220;off&#8220; button_one_letter_spacing__hover_enabled=&#8220;off&#8220; button_two_letter_spacing__hover_enabled=&#8220;off&#8220; button_bg_color__hover_enabled=&#8220;off&#8220; button_one_bg_color__hover_enabled=&#8220;off&#8220; button_two_bg_color__hover_enabled=&#8220;off&#8220; sticky_enabled=&#8220;0&#8243;][\/et_pb_contact_field][et_pb_contact_field field_id=&#8220;Field_5&#8243; field_title=&#8220;Stimmen Sie der Speicherung und Verwendung von personenbezogenen Daten zu?&#8220; field_type=&#8220;checkbox&#8220; checkbox_options=&#8220;%91{%22value%22:%22Ich stimme zu%22,%22checked%22:0,%22dragID%22:-1}%93&#8243; fullwidth_field=&#8220;on&#8220; _builder_version=&#8220;4.14.9&#8243; _module_preset=&#8220;default&#8220; hover_enabled=&#8220;0&#8243; global_colors_info=&#8220;{}&#8220; sticky_enabled=&#8220;0&#8243;][\/et_pb_contact_field][\/et_pb_contact_form][et_pb_text _builder_version=&#8220;4.14.9&#8243; _module_preset=&#8220;default&#8220; header_4_font=&#8220;CALIBRI||||||||&#8220; header_4_text_align=&#8220;left&#8220; header_4_text_color=&#8220;#000000&#8243; header_4_font_size=&#8220;26px&#8220; hover_enabled=&#8220;0&#8243; global_colors_info=&#8220;{}&#8220; sticky_enabled=&#8220;0&#8243;]<\/p>\n<h4>Wir bieten Ihnen technisch ausgereifte Anlagen und Produkte mit Beratung an!<\/h4>\n<h4>Kontaktieren Sie uns und \u00fcberzeugen Sie sich selbst!<\/h4>\n<p>[\/et_pb_text][\/et_pb_column][\/et_pb_row][\/et_pb_section][et_pb_section fb_built=&#8220;1&#8243; _builder_version=&#8220;4.14.7&#8243; _module_preset=&#8220;default&#8220; background_image=&#8220;https:\/\/msiprojekti.com\/wp-content\/uploads\/2022\/02\/msi-projekti-naslovna-stran.jpg&#8220; parallax=&#8220;on&#8220; parallax_method=&#8220;off&#8220; global_colors_info=&#8220;{}&#8220;][et_pb_row _builder_version=&#8220;4.14.7&#8243; _module_preset=&#8220;default&#8220; global_colors_info=&#8220;{}&#8220;][et_pb_column type=&#8220;4_4&#8243; _builder_version=&#8220;4.14.7&#8243; _module_preset=&#8220;default&#8220; global_colors_info=&#8220;{}&#8220;][et_pb_text _builder_version=&#8220;4.14.9&#8243; _module_preset=&#8220;default&#8220; header_font=&#8220;BOOKMAN OLD STYLE|700|||||||&#8220; header_text_color=&#8220;#FFFFFF&#8220; header_3_font=&#8220;CALIBRI|600|||||||&#8220; header_3_text_color=&#8220;#FFFFFF&#8220; animation_style=&#8220;slide&#8220; hover_enabled=&#8220;0&#8243; global_colors_info=&#8220;{}&#8220; sticky_enabled=&#8220;0&#8243;]<\/p>\n<h3 style=\"text-align: center;\">UNSER ZIEL IST ES, DIE BESTE WAHL IN FOLGENDEN BEREICHEN ZU BLEIBEN:<\/h3>\n<p>[\/et_pb_text][et_pb_code _builder_version=&#8220;4.14.7&#8243; _module_preset=&#8220;default&#8220; global_colors_info=&#8220;{}&#8220;][\/et_pb_code][\/et_pb_column][\/et_pb_row][et_pb_row column_structure=&#8220;1_4,1_4,1_4,1_4&#8243; _builder_version=&#8220;4.14.7&#8243; _module_preset=&#8220;default&#8220; global_colors_info=&#8220;{}&#8220;][et_pb_column type=&#8220;1_4&#8243; _builder_version=&#8220;4.14.7&#8243; _module_preset=&#8220;default&#8220; global_colors_info=&#8220;{}&#8220;][et_pb_blurb title=&#8220;Beratung&#8220; image=&#8220;https:\/\/msiprojekti.com\/wp-content\/uploads\/2022\/02\/msi-projekti-svetovanje.png&#8220; image_icon_width=&#8220;101px&#8220; _builder_version=&#8220;4.14.9&#8243; _module_preset=&#8220;default&#8220; header_font=&#8220;CALIBRI|500|||||||&#8220; header_text_color=&#8220;#FFFFFF&#8220; header_font_size=&#8220;24px&#8220; text_orientation=&#8220;center&#8220; background_layout=&#8220;dark&#8220; hover_enabled=&#8220;0&#8243; global_colors_info=&#8220;{}&#8220; sticky_enabled=&#8220;0&#8243;][\/et_pb_blurb][\/et_pb_column][et_pb_column type=&#8220;1_4&#8243; _builder_version=&#8220;4.14.7&#8243; _module_preset=&#8220;default&#8220; global_colors_info=&#8220;{}&#8220;][et_pb_blurb title=&#8220;Integriertes Engineering&#8220; image=&#8220;https:\/\/msiprojekti.com\/wp-content\/uploads\/2022\/02\/msi-projekti-inzeniring.png&#8220; image_icon_width=&#8220;101px&#8220; _builder_version=&#8220;4.14.9&#8243; _module_preset=&#8220;default&#8220; header_font=&#8220;CALIBRI|500|||||||&#8220; header_text_color=&#8220;#FFFFFF&#8220; header_font_size=&#8220;24px&#8220; text_orientation=&#8220;center&#8220; background_layout=&#8220;dark&#8220; hover_enabled=&#8220;0&#8243; global_colors_info=&#8220;{}&#8220; sticky_enabled=&#8220;0&#8243;][\/et_pb_blurb][\/et_pb_column][et_pb_column type=&#8220;1_4&#8243; _builder_version=&#8220;4.14.7&#8243; _module_preset=&#8220;default&#8220; global_colors_info=&#8220;{}&#8220;][et_pb_blurb title=&#8220;Hochwertige Materialien&#8220; image=&#8220;https:\/\/msiprojekti.com\/wp-content\/uploads\/2022\/02\/msi-projekti-kakovostni-materiali.png&#8220; image_icon_width=&#8220;101px&#8220; _builder_version=&#8220;4.14.9&#8243; _module_preset=&#8220;default&#8220; header_font=&#8220;CALIBRI|500|||||||&#8220; header_text_color=&#8220;#FFFFFF&#8220; header_font_size=&#8220;24px&#8220; text_orientation=&#8220;center&#8220; background_layout=&#8220;dark&#8220; hover_enabled=&#8220;0&#8243; global_colors_info=&#8220;{}&#8220; sticky_enabled=&#8220;0&#8243;][\/et_pb_blurb][\/et_pb_column][et_pb_column type=&#8220;1_4&#8243; _builder_version=&#8220;4.14.7&#8243; _module_preset=&#8220;default&#8220; global_colors_info=&#8220;{}&#8220;][et_pb_blurb title=&#8220;Hervorragende Dienstleistungsqualit\u00e4t &#8220; image=&#8220;https:\/\/msiprojekti.com\/wp-content\/uploads\/2022\/02\/msi-projekti-storitve.png&#8220; image_icon_width=&#8220;101px&#8220; _builder_version=&#8220;4.14.9&#8243; _module_preset=&#8220;default&#8220; header_font=&#8220;CALIBRI|500|||||||&#8220; header_text_color=&#8220;#FFFFFF&#8220; header_font_size=&#8220;24px&#8220; text_orientation=&#8220;center&#8220; background_layout=&#8220;dark&#8220; hover_enabled=&#8220;0&#8243; global_colors_info=&#8220;{}&#8220; sticky_enabled=&#8220;0&#8243;][\/et_pb_blurb][\/et_pb_column][\/et_pb_row][\/et_pb_section]<\/p>\n<span class=\"et_bloom_bottom_trigger\"><\/span>","protected":false},"excerpt":{"rendered":"<p>\u00a0MSI KONTAKT \u00a0WIR SIND FOLGENDEN WERTEN VERPFLICHTETZuverl\u00e4ssigkeitSicherheitPartnerschaftVertrauenTrebnje+38651222109info@msiprojekti.com finance@msiprojekti.com &nbsp;\u00d6ffnungszeitenMontag &#8211; Freitag: 8 &#8211; 16 Uhr Samstag, Sonntag und Feiertage: geschlossen Senden Sie eine Anfrage und wir helfen Ihnen gerne weiter!Wir bieten Ihnen technisch ausgereifte Anlagen und Produkte mit Beratung an! Kontaktieren Sie uns und \u00fcberzeugen Sie sich selbst!UNSER ZIEL IST ES, DIE BESTE WAHL IN [&hellip;]<\/p>\n","protected":false},"author":1,"featured_media":0,"parent":0,"menu_order":0,"comment_status":"closed","ping_status":"closed","template":"","meta":{"_et_pb_use_builder":"on","_et_pb_old_content":"","_et_gb_content_width":"","footnotes":""},"_links":{"self":[{"href":"https:\/\/msiprojekti.com\/de\/wp-json\/wp\/v2\/pages\/231558"}],"collection":[{"href":"https:\/\/msiprojekti.com\/de\/wp-json\/wp\/v2\/pages"}],"about":[{"href":"https:\/\/msiprojekti.com\/de\/wp-json\/wp\/v2\/types\/page"}],"author":[{"embeddable":true,"href":"https:\/\/msiprojekti.com\/de\/wp-json\/wp\/v2\/users\/1"}],"replies":[{"embeddable":true,"href":"https:\/\/msiprojekti.com\/de\/wp-json\/wp\/v2\/comments?post=231558"}],"version-history":[{"count":14,"href":"https:\/\/msiprojekti.com\/de\/wp-json\/wp\/v2\/pages\/231558\/revisions"}],"predecessor-version":[{"id":231575,"href":"https:\/\/msiprojekti.com\/de\/wp-json\/wp\/v2\/pages\/231558\/revisions\/231575"}],"wp:attachment":[{"href":"https:\/\/msiprojekti.com\/de\/wp-json\/wp\/v2\/media?parent=231558"}],"curies":[{"name":"wp","href":"https:\/\/api.w.org\/{rel}","templated":true}]}}